{"id":6,"date":"2019-12-11T14:08:50","date_gmt":"2019-12-11T14:08:50","guid":{"rendered":"http:\/\/morefuture.de\/?page_id=6"},"modified":"2022-04-10T17:48:22","modified_gmt":"2022-04-10T17:48:22","slug":"impressum","status":"publish","type":"page","link":"https:\/\/morefuture.de\/?page_id=6","title":{"rendered":"Impressum"},"content":{"rendered":"\n<p>moreFUTURE \u2013 Das Magazin f\u00fcr Menschen<br>ELBFAKTOR &#8211; Agentur f\u00fcr Kommunikation<br>Schillerstra\u00dfe 54<br> D \u2013 22946 Trittau<br> Internet: www.elbfaktor.de<br> USt.ID-Nr. DE 184 451 597<\/p>\n\n\n\n<p>Inhaltlich Verantwortlicher:<br> gem\u00e4\u00df \u00c2\u00a7 6 MDStV: U. Krumstroh<\/p>\n\n\n\n<p>Bildmaterial: Fotos auf Titelseite: Fotolia<br>Foto auf Titelseite f\u00fcr www.elbfaktor.de: Fotolia<br>Foto im Bereich Branchen: Fotolia<\/p>\n\n\n\n<p>Design und Realisierung: Krumstroh text + pr<\/p>\n\n\n\n<p>Haftungshinweis:<br>Trotz sorgf\u00e4ltiger inhaltlicher Kontrolle \u00fcbernehmen wir keine Haftung<br>f\u00fcr die Inhalte externer Links. F\u00fcr den Inhalt der verlinkten Seiten sind<br>ausschlie\u00dflich deren Betreiber verantwortlich.<\/p>\n\n\n\n<p>Design und Realisierung:<br>Elbfaktor \u2013 Agentur f\u00fcr Kommunikation<\/p>\n\n\n\n<p>in allen Schreibweisen und Darstellungsformen (inkl. Internetendungen) f\u00fcr den Print und im Online-Bereich.<\/p>\n\n\n\n<p>Wir unterliegen dem Presserecht des Landes Schleswig Holstein. Verantwortlich im Sinne des Presserechts ist U. Krumstroh,  Gesch\u00e4ftsf\u00fchrer der  Kommunikationsagentur Elbfaktor, Schillerstra\u00dfe 54,  22946 Trittau, Tel.: 04154\/989792, www.elbfaktor.de<\/p>\n\n\n\n<p>Trittau, den 11.Dezember 2019<\/p>\n","protected":false},"excerpt":{"rendered":"<p>moreFUTURE \u2013 Das Magazin f\u00fcr MenschenELBFAKTOR &#8211; Agentur f\u00fcr KommunikationSchillerstra\u00dfe 54 D \u2013 22946 Trittau Internet: www.elbfaktor.de USt.ID-Nr. DE 184 451 597 Inhaltlich Verantwortlicher: gem\u00e4\u00df \u00c2\u00a7 6 MDStV: U. Krumstroh Bildmaterial: Fotos auf Titelseite: FotoliaFoto auf Titelseite f\u00fcr www.elbfaktor.de: FotoliaFoto im Bereich Branchen: Fotolia Design und Realisierung: Krumstroh text + pr Haftungshinweis:Trotz sorgf\u00e4ltiger inhaltlicher Kontrolle [&hellip;]<\/p>\n","protected":false},"author":1,"featured_media":0,"parent":0,"menu_order":0,"comment_status":"closed","ping_status":"closed","template":"","meta":{"_uf_show_specific_survey":0,"_uf_disable_surveys":false,"footnotes":""},"class_list":["post-6","page","type-page","status-publish","hentry"],"yoast_head":"<!-- This site is optimized with the Yoast SEO plugin v26.4 - https:\/\/yoast.com\/wordpress\/plugins\/seo\/ -->\n<title>Impressum -<\/title>\n<meta name=\"robots\" content=\"index, follow, max-snippet:-1, max-image-preview:large, max-video-preview:-1\" \/>\n<link rel=\"canonical\" href=\"http:\/\/morefuture.de\/?page_id=6\" \/>\n<meta property=\"og:locale\" content=\"de_DE\" \/>\n<meta property=\"og:type\" content=\"article\" \/>\n<meta property=\"og:title\" content=\"Impressum -\" \/>\n<meta property=\"og:description\" content=\"moreFUTURE \u2013 Das Magazin f\u00fcr MenschenELBFAKTOR &#8211; Agentur f\u00fcr KommunikationSchillerstra\u00dfe 54 D \u2013 22946 Trittau Internet: www.elbfaktor.de USt.ID-Nr. DE 184 451 597 Inhaltlich Verantwortlicher: gem\u00e4\u00df \u00c2\u00a7 6 MDStV: U. Krumstroh Bildmaterial: Fotos auf Titelseite: FotoliaFoto auf Titelseite f\u00fcr www.elbfaktor.de: FotoliaFoto im Bereich Branchen: Fotolia Design und Realisierung: Krumstroh text + pr Haftungshinweis:Trotz sorgf\u00e4ltiger inhaltlicher Kontrolle [&hellip;]\" \/>\n<meta property=\"og:url\" content=\"http:\/\/morefuture.de\/?page_id=6\" \/>\n<meta property=\"article:modified_time\" content=\"2022-04-10T17:48:22+00:00\" \/>\n<meta name=\"twitter:card\" content=\"summary_large_image\" \/>\n<meta name=\"twitter:label1\" content=\"Gesch\u00e4tzte Lesezeit\" \/>\n\t<meta name=\"twitter:data1\" content=\"1\u00a0Minute\" \/>\n<script type=\"application\/ld+json\" class=\"yoast-schema-graph\">{\"@context\":\"https:\/\/schema.org\",\"@graph\":[{\"@type\":\"WebPage\",\"@id\":\"http:\/\/morefuture.de\/?page_id=6\",\"url\":\"http:\/\/morefuture.de\/?page_id=6\",\"name\":\"Impressum -\",\"isPartOf\":{\"@id\":\"http:\/\/morefuture.de\/#website\"},\"datePublished\":\"2019-12-11T14:08:50+00:00\",\"dateModified\":\"2022-04-10T17:48:22+00:00\",\"breadcrumb\":{\"@id\":\"http:\/\/morefuture.de\/?page_id=6#breadcrumb\"},\"inLanguage\":\"de\",\"potentialAction\":[{\"@type\":\"ReadAction\",\"target\":[\"http:\/\/morefuture.de\/?page_id=6\"]}]},{\"@type\":\"BreadcrumbList\",\"@id\":\"http:\/\/morefuture.de\/?page_id=6#breadcrumb\",\"itemListElement\":[{\"@type\":\"ListItem\",\"position\":1,\"name\":\"Startseite\",\"item\":\"http:\/\/morefuture.de\/\"},{\"@type\":\"ListItem\",\"position\":2,\"name\":\"Impressum\"}]},{\"@type\":\"WebSite\",\"@id\":\"http:\/\/morefuture.de\/#website\",\"url\":\"http:\/\/morefuture.de\/\",\"name\":\"\",\"description\":\"\",\"potentialAction\":[{\"@type\":\"SearchAction\",\"target\":{\"@type\":\"EntryPoint\",\"urlTemplate\":\"http:\/\/morefuture.de\/?s={search_term_string}\"},\"query-input\":{\"@type\":\"PropertyValueSpecification\",\"valueRequired\":true,\"valueName\":\"search_term_string\"}}],\"inLanguage\":\"de\"}]}<\/script>\n<!-- \/ Yoast SEO plugin. -->","yoast_head_json":{"title":"Impressum -","robots":{"index":"index","follow":"follow","max-snippet":"max-snippet:-1","max-image-preview":"max-image-preview:large","max-video-preview":"max-video-preview:-1"},"canonical":"http:\/\/morefuture.de\/?page_id=6","og_locale":"de_DE","og_type":"article","og_title":"Impressum -","og_description":"moreFUTURE \u2013 Das Magazin f\u00fcr MenschenELBFAKTOR &#8211; Agentur f\u00fcr KommunikationSchillerstra\u00dfe 54 D \u2013 22946 Trittau Internet: www.elbfaktor.de USt.ID-Nr. DE 184 451 597 Inhaltlich Verantwortlicher: gem\u00e4\u00df \u00c2\u00a7 6 MDStV: U. Krumstroh Bildmaterial: Fotos auf Titelseite: FotoliaFoto auf Titelseite f\u00fcr www.elbfaktor.de: FotoliaFoto im Bereich Branchen: Fotolia Design und Realisierung: Krumstroh text + pr Haftungshinweis:Trotz sorgf\u00e4ltiger inhaltlicher Kontrolle [&hellip;]","og_url":"http:\/\/morefuture.de\/?page_id=6","article_modified_time":"2022-04-10T17:48:22+00:00","twitter_card":"summary_large_image","twitter_misc":{"Gesch\u00e4tzte Lesezeit":"1\u00a0Minute"},"schema":{"@context":"https:\/\/schema.org","@graph":[{"@type":"WebPage","@id":"http:\/\/morefuture.de\/?page_id=6","url":"http:\/\/morefuture.de\/?page_id=6","name":"Impressum -","isPartOf":{"@id":"http:\/\/morefuture.de\/#website"},"datePublished":"2019-12-11T14:08:50+00:00","dateModified":"2022-04-10T17:48:22+00:00","breadcrumb":{"@id":"http:\/\/morefuture.de\/?page_id=6#breadcrumb"},"inLanguage":"de","potentialAction":[{"@type":"ReadAction","target":["http:\/\/morefuture.de\/?page_id=6"]}]},{"@type":"BreadcrumbList","@id":"http:\/\/morefuture.de\/?page_id=6#breadcrumb","itemListElement":[{"@type":"ListItem","position":1,"name":"Startseite","item":"http:\/\/morefuture.de\/"},{"@type":"ListItem","position":2,"name":"Impressum"}]},{"@type":"WebSite","@id":"http:\/\/morefuture.de\/#website","url":"http:\/\/morefuture.de\/","name":"","description":"","potentialAction":[{"@type":"SearchAction","target":{"@type":"EntryPoint","urlTemplate":"http:\/\/morefuture.de\/?s={search_term_string}"},"query-input":{"@type":"PropertyValueSpecification","valueRequired":true,"valueName":"search_term_string"}}],"inLanguage":"de"}]}},"jetpack_sharing_enabled":true,"_links":{"self":[{"href":"https:\/\/morefuture.de\/index.php?rest_route=\/wp\/v2\/pages\/6","targetHints":{"allow":["GET"]}}],"collection":[{"href":"https:\/\/morefuture.de\/index.php?rest_route=\/wp\/v2\/pages"}],"about":[{"href":"https:\/\/morefuture.de\/index.php?rest_route=\/wp\/v2\/types\/page"}],"author":[{"embeddable":true,"href":"https:\/\/morefuture.de\/index.php?rest_route=\/wp\/v2\/users\/1"}],"replies":[{"embeddable":true,"href":"https:\/\/morefuture.de\/index.php?rest_route=%2Fwp%2Fv2%2Fcomments&post=6"}],"version-history":[{"count":5,"href":"https:\/\/morefuture.de\/index.php?rest_route=\/wp\/v2\/pages\/6\/revisions"}],"predecessor-version":[{"id":1574,"href":"https:\/\/morefuture.de\/index.php?rest_route=\/wp\/v2\/pages\/6\/revisions\/1574"}],"wp:attachment":[{"href":"https:\/\/morefuture.de\/index.php?rest_route=%2Fwp%2Fv2%2Fmedia&parent=6"}],"curies":[{"name":"wp","href":"https:\/\/api.w.org\/{rel}","templated":true}]}}